{"id":1317,"date":"2018-05-25T17:08:03","date_gmt":"2018-05-25T15:08:03","guid":{"rendered":"https:\/\/elscamins.cat\/serveis\/"},"modified":"2019-10-03T16:40:36","modified_gmt":"2019-10-03T14:40:36","slug":"servicios","status":"publish","type":"page","link":"https:\/\/elscamins.cat\/es\/servicios\/","title":{"rendered":"Servicios"},"content":{"rendered":"<div>Servicios<\/div>\n<h1>Especializados en poblaci\u00f3n infanto-juvenil.<\/h1>\n<div>\n<p>Nuestra manera de trabajar estudia a fondo cada caso para poder dar respuesta a sus necesidades personales y \u00fanicas. Pretendemos llegar a las \u00abra\u00edces\u00bb y detectar, para poder ofrecer la mejor soluci\u00f3n a cada persona.<\/p>\n<p>Nuestra \u00f3ptica es siempre inclusiva, entendiendo pues que puede haber necesidades concretas o necesidades m\u00faltiples, abordando as\u00ed, cada caso de una forma multidisciplinar.<\/p>\n<\/div>\n<div>\n<p>        <img decoding=\"async\" src=\"wp-content\/uploads\/LOGOPEDIA_COLOR.jpg\" alt=\"LOGOPEDIA Barcelona infantil - Camins\"><\/p>\n<h3>LOGOPEDIA<br \/>&nbsp;<\/h3>\n<p><a href=\"\/es\/servicios\/logopedia\/\">M\u00e1s<\/a><\/p>\n<\/div>\n<div>\n<p>        <img decoding=\"async\" src=\"wp-content\/uploads\/PSICOLOGIA_COLOR.jpg\" alt=\"PSICOLOGIA infantil Barcelona - Camins\"><\/p>\n<h3>PSICOLOG\u00cdA<br \/>&nbsp;<\/h3>\n<p><a href=\"\/es\/servicios\/psicologia\/\">M\u00e1s<\/a><\/p>\n<\/div>\n<div>\n<p>        <img decoding=\"async\" src=\"wp-content\/uploads\/SERVEIS-ESTRATEGICS-3.jpg\" alt=\"ESTARTEGIAS APRENDIZAJE BARCELONA infantil - Camins\"><\/p>\n<h3>ESTRATEGIAS DE APRENDIZAJE<\/h3>\n<p><a href=\"\/es\/servicios\/estrategias-aprendizaje\/\">M\u00e1s<\/a><\/p>\n<\/div>\n<hr>\n<p><img decoding=\"async\" src=\"wp-content\/uploads\/dubtes3.jpg\" alt=\"\"><\/p>\n<h2>\u00bfNos quieres conocer?<br \/> <\/h2>\n<div>Camins dispone de dos centros en Barcelona donde podremos atender. En Poblenou y el Clot.<br \/>\nSi tienes cualquier consulta, no dudes en ponerte en contacto con nosotros. Estamos aqu\u00ed para ayudarte. <\/div>\n<ul>\n<li>\n        <a href=\"\/es\/contacta\/\">Contacta<\/a>\n    <\/li>\n<li>\n        <a href=\"tel:644379380\">644 379 380<\/a>\n    <\/li>\n<\/ul>\n<p><!-- {\"name\":\"\",\"type\":\"layout\",\"children\":[{\"name\":\"3 serveis\",\"type\":\"section\",\"props\":{\"style\":\"default\",\"width\":\"expand\",\"vertical_align\":\"middle\",\"title_position\":\"top-left\",\"title_rotation\":\"left\",\"title_breakpoint\":\"xl\",\"image_position\":\"center-center\",\"padding\":\"large\",\"image\":\"\",\"image_size\":\"\",\"image_height\":\"\",\"overlap\":false,\"id\":\"services\",\"animation_delay\":false,\"animation\":\"slide-bottom-small\",\"padding_remove_bottom\":true,\"image_effect\":\"\"},\"children\":[{\"name\":\"\",\"type\":\"row\",\"props\":{\"fixed_width\":\"large\",\"breakpoint\":\"m\",\"layout\":\"1-1\",\"margin\":\"default\",\"width\":\"default\"},\"children\":[{\"name\":\"\",\"type\":\"column\",\"props\":{\"widths\":[\"1-1\"],\"image_position\":\"center-center\",\"media_overlay_gradient\":\"\"},\"children\":[{\"name\":\"\",\"type\":\"headline\",\"props\":{\"title_element\":\"div\",\"content\":\"Servicios\",\"title_style\":\"h6\",\"title_color\":\"background\",\"title_decoration\":\"\",\"text_align\":\"\",\"text_align_breakpoint\":\"\",\"text_align_fallback\":\"\",\"maxwidth\":\"\",\"maxwidth_align\":\"\",\"maxwidth_breakpoint\":\"\",\"margin\":\"\",\"animation\":\"\",\"visibility\":\"\"}},{\"name\":\"\",\"type\":\"headline\",\"props\":{\"title_element\":\"h1\",\"content\":\"Especializados en poblaci\\u00f3n infanto-juvenil.\",\"margin_remove_top\":true,\"maxwidth\":\"xxlarge\",\"maxwidth_align\":\"\",\"maxwidth_breakpoint\":\"\",\"text_align\":\"\",\"text_align_breakpoint\":\"m\",\"text_align_fallback\":\"center\",\"margin\":\"xlarge\",\"title_style\":\"h1\",\"title_decoration\":\"\",\"title_color\":\"\",\"animation\":\"\",\"visibility\":\"\",\"css\":\"@media (max-width: 500px) {\\n    .el-element {font-size: 30px;}\\n}\"}},{\"name\":\"\",\"type\":\"text\",\"props\":{\"margin\":\"small\",\"column_breakpoint\":\"m\",\"maxwidth\":\"xxlarge\",\"content\":\"\n\n<p>Nuestra manera de trabajar estudia a fondo cada caso para poder dar respuesta a sus necesidades personales y \\u00fanicas. Pretendemos llegar a las \\\"ra\\u00edces\\\" y detectar, para poder ofrecer la mejor soluci\\u00f3n a cada persona.<\\\/p>\\n\n\n<p>Nuestra \\u00f3ptica es siempre inclusiva, entendiendo pues que puede haber necesidades concretas o necesidades m\\u00faltiples, abordando as\\u00ed, cada caso de una forma multidisciplinar.<\\\/p>\",\"text_style\":\"\",\"text_color\":\"\",\"text_size\":\"\",\"column\":\"\",\"text_align\":\"\",\"text_align_breakpoint\":\"\",\"text_align_fallback\":\"\",\"maxwidth_align\":\"\",\"maxwidth_breakpoint\":\"\",\"animation\":\"\",\"visibility\":\"\"}}]}]},{\"name\":\"\",\"type\":\"row\",\"props\":{\"fixed_width\":\"large\",\"breakpoint\":\"s\",\"layout\":\",,\",\"gutter\":\"\",\"order_last\":false,\"margin\":\"large\",\"width\":\"small\"},\"children\":[{\"name\":\"\",\"type\":\"column\",\"props\":{\"widths\":[\"\"],\"image_position\":\"center-center\",\"style\":\"\",\"padding\":\"\",\"media_overlay_gradient\":\"\"},\"children\":[{\"name\":\"\",\"type\":\"panel\",\"props\":{\"link_text\":\"M\\u00e1s\",\"title_element\":\"h3\",\"meta_style\":\"h4\",\"meta_align\":\"top\",\"icon_ratio\":4,\"image_align\":\"top\",\"image_grid_width\":\"1-2\",\"image_breakpoint\":\"m\",\"link_style\":\"panel\",\"margin\":\"default\",\"image\":\"wp-content\\\/uploads\\\/LOGOPEDIA_COLOR.jpg\",\"title\":\"LOGOPEDIA<br \\\/>&nbsp;\",\"meta\":\"\",\"content\":\"\",\"image_width\":\"\",\"image_height\":\"\",\"panel_style\":\"card-default\",\"panel_size\":\"\",\"meta_margin\":\"\",\"title_color\":\"background\",\"title_style\":\"\",\"content_style\":\"\",\"link\":\"\\\/es\\\/servicios\\\/logopedia\\\/\",\"link_size\":\"large\",\"text_align\":\"center\",\"image_alt\":\"LOGOPEDIA Barcelona infantil - Camins\",\"image_card\":false,\"title_decoration\":\"\",\"meta_color\":\"\",\"image_border\":\"\",\"image_box_shadow\":\"\",\"image_hover_box_shadow\":\"\",\"image_box_decoration\":\"\",\"icon_color\":\"\",\"image_gutter\":\"\",\"text_align_breakpoint\":\"\",\"text_align_fallback\":\"\",\"maxwidth\":\"\",\"maxwidth_align\":\"\",\"maxwidth_breakpoint\":\"\",\"animation\":\"\",\"visibility\":\"\",\"title_margin\":\"remove\",\"image_svg_color\":\"emphasis\"}}]},{\"name\":\"\",\"type\":\"column\",\"props\":{\"widths\":[\"\"],\"image_position\":\"center-center\",\"style\":\"\",\"padding\":\"\",\"media_overlay_gradient\":\"\"},\"children\":[{\"name\":\"\",\"type\":\"panel\",\"props\":{\"link_text\":\"M\\u00e1s\",\"title_element\":\"h3\",\"meta_style\":\"h4\",\"meta_align\":\"top\",\"icon_ratio\":4,\"image_align\":\"top\",\"image_grid_width\":\"1-2\",\"image_breakpoint\":\"m\",\"link_style\":\"panel\",\"margin\":\"default\",\"image\":\"wp-content\\\/uploads\\\/PSICOLOGIA_COLOR.jpg\",\"title\":\"PSICOLOG\\u00cdA<br \\\/>&nbsp;\",\"meta\":\"\",\"content\":\"\",\"image_width\":\"\",\"image_height\":\"\",\"panel_style\":\"card-default\",\"panel_size\":\"\",\"meta_margin\":\"\",\"title_color\":\"background\",\"title_style\":\"\",\"content_style\":\"\",\"link\":\"\\\/es\\\/servicios\\\/psicologia\\\/\",\"link_size\":\"large\",\"text_align\":\"center\",\"image_alt\":\"PSICOLOGIA infantil Barcelona - Camins\",\"image_card\":false,\"title_decoration\":\"\",\"meta_color\":\"\",\"image_border\":\"\",\"image_box_shadow\":\"\",\"image_hover_box_shadow\":\"\",\"image_box_decoration\":\"\",\"icon_color\":\"\",\"image_gutter\":\"\",\"text_align_breakpoint\":\"\",\"text_align_fallback\":\"\",\"maxwidth\":\"\",\"maxwidth_align\":\"\",\"maxwidth_breakpoint\":\"\",\"animation\":\"\",\"visibility\":\"\",\"title_margin\":\"remove\",\"image_svg_color\":\"emphasis\"}}]},{\"name\":\"\",\"type\":\"column\",\"props\":{\"widths\":[\"\"],\"image_position\":\"center-center\",\"style\":\"\",\"image\":\"\",\"media_overlay_gradient\":\"\"},\"children\":[{\"name\":\"\",\"type\":\"panel\",\"props\":{\"link_text\":\"M\\u00e1s\",\"title_element\":\"h3\",\"meta_style\":\"h4\",\"meta_align\":\"top\",\"icon_ratio\":4,\"image_align\":\"top\",\"image_grid_width\":\"1-2\",\"image_breakpoint\":\"m\",\"link_style\":\"panel\",\"margin\":\"default\",\"image\":\"wp-content\\\/uploads\\\/SERVEIS-ESTRATEGICS-3.jpg\",\"title\":\"ESTRATEGIAS DE APRENDIZAJE\",\"meta\":\"\",\"content\":\"\",\"image_width\":\"\",\"image_height\":\"\",\"panel_style\":\"card-default\",\"panel_size\":\"\",\"meta_margin\":\"\",\"title_color\":\"background\",\"title_style\":\"\",\"content_style\":\"\",\"link\":\"\\\/es\\\/servicios\\\/estrategias-aprendizaje\\\/\",\"link_size\":\"large\",\"text_align\":\"center\",\"image_alt\":\"ESTARTEGIAS APRENDIZAJE BARCELONA infantil - Camins\",\"image_card\":false,\"title_decoration\":\"\",\"meta_color\":\"\",\"image_border\":\"\",\"image_box_shadow\":\"\",\"image_hover_box_shadow\":\"\",\"image_box_decoration\":\"\",\"icon_color\":\"\",\"image_gutter\":\"\",\"text_align_breakpoint\":\"\",\"text_align_fallback\":\"\",\"maxwidth\":\"\",\"maxwidth_align\":\"\",\"maxwidth_breakpoint\":\"\",\"animation\":\"\",\"visibility\":\"\",\"title_margin\":\"remove\",\"image_svg_color\":\"emphasis\"}}]}]}]},{\"name\":\"Contact\",\"type\":\"section\",\"props\":{\"style\":\"default\",\"width\":\"small\",\"vertical_align\":\"middle\",\"title_position\":\"top-left\",\"title_rotation\":\"left\",\"title_breakpoint\":\"xl\",\"image_position\":\"center-center\",\"padding\":\"large\",\"image_effect\":\"\"},\"children\":[{\"name\":\"\",\"type\":\"row\",\"props\":{\"fixed_width\":\"large\",\"breakpoint\":\"m\",\"layout\":\"1-1\"},\"children\":[{\"name\":\"\",\"type\":\"column\",\"props\":{\"widths\":[\"1-1\"],\"image_position\":\"center-center\",\"media_overlay_gradient\":\"\"},\"children\":[{\"name\":\"\",\"type\":\"divider\",\"props\":{\"divider_element\":\"hr\",\"maxwidth\":\"medium\"}}]}]},{\"name\":\"\",\"type\":\"row\",\"props\":{\"fixed_width\":\"large\",\"breakpoint\":\"s\",\"layout\":\",3-4\",\"gutter\":\"large\"},\"children\":[{\"name\":\"\",\"type\":\"column\",\"props\":{\"widths\":[\"\"],\"image_position\":\"center-center\",\"media_overlay_gradient\":\"\"},\"children\":[{\"name\":\"\",\"type\":\"image\",\"props\":{\"margin\":\"default\",\"image\":\"wp-content\\\/uploads\\\/dubtes3.jpg\",\"image_width\":\"\",\"image_height\":\"\",\"image_svg_color\":\"emphasis\"}}]},{\"name\":\"\",\"type\":\"column\",\"props\":{\"widths\":[\"3-4\"],\"image_position\":\"center-center\",\"media_overlay_gradient\":\"\"},\"children\":[{\"name\":\"\",\"type\":\"headline\",\"props\":{\"title_element\":\"h2\",\"content\":\"\\u00bfNos quieres conocer?<br \/> \",\"title_style\":\"h1\",\"text_align\":\"\",\"text_align_breakpoint\":\"m\",\"text_align_fallback\":\"center\",\"css\":\"\",\"class\":\"\",\"title_decoration\":\"\",\"title_color\":\"\",\"maxwidth\":\"\",\"maxwidth_align\":\"\",\"maxwidth_breakpoint\":\"\",\"margin\":\"\",\"animation\":\"\",\"visibility\":\"\"}},{\"name\":\"\",\"type\":\"text\",\"props\":{\"margin\":\"medium\",\"column_breakpoint\":\"m\",\"content\":\"Camins dispone de dos centros en Barcelona donde podremos atender. En Poblenou y el Clot.<br \/>\\nSi tienes cualquier consulta, no dudes en ponerte en contacto con nosotros. Estamos aqu\\u00ed para ayudarte. \",\"text_size\":\"large\",\"text_style\":\"\",\"text_color\":\"\",\"column\":\"\",\"text_align\":\"\",\"text_align_breakpoint\":\"\",\"text_align_fallback\":\"\",\"maxwidth\":\"\",\"maxwidth_align\":\"\",\"maxwidth_breakpoint\":\"\",\"animation\":\"\",\"visibility\":\"\"}},{\"name\":\"\",\"type\":\"button\",\"props\":{\"gutter\":\"\",\"margin\":\"large\",\"text_align\":\"\",\"text_align_breakpoint\":\"m\",\"text_align_fallback\":\"center\",\"button_size\":\"\",\"maxwidth\":\"\",\"maxwidth_align\":\"\",\"maxwidth_breakpoint\":\"\",\"animation\":\"\",\"visibility\":\"\"},\"children\":[{\"name\":\"\",\"type\":\"button_item\",\"props\":{\"button_style\":\"primary\",\"icon_align\":\"left\",\"content\":\"Contacta\",\"link\":\"\\\/es\\\/contacta\\\/\",\"link_target\":\"\"}},{\"name\":\"\",\"type\":\"button_item\",\"props\":{\"button_style\":\"\",\"icon_align\":\"left\",\"content\":\"644 379 380\",\"link\":\"tel:644379380\",\"link_target\":\"blank\"}}]}]}]}]}],\"props\":[],\"version\":\"1.18.15\"} --><\/p>\n","protected":false},"excerpt":{"rendered":"<p>Servicios Especializados en poblaci\u00f3n infanto-juvenil. Nuestra manera de trabajar estudia a fondo cada caso para poder dar respuesta a sus necesidades personales y \u00fanicas. Pretendemos llegar a las \u00abra\u00edces\u00bb y detectar, para poder ofrecer la mejor soluci\u00f3n a cada persona. Nuestra \u00f3ptica es siempre inclusiva, entendiendo pues que puede haber necesidades concretas o necesidades m\u00faltiples, [&hellip;]<\/p>\n","protected":false},"author":1,"featured_media":0,"parent":0,"menu_order":0,"comment_status":"closed","ping_status":"closed","template":"","meta":{"footnotes":""},"class_list":["post-1317","page","type-page","status-publish","hentry"],"yoast_head":"<!-- This site is optimized with the Yoast SEO plugin v27.6 - https:\/\/yoast.com\/product\/yoast-seo-wordpress\/ -->\n<title>- Els Camins - Logopedia, Psicolog\u00eda y estrategias de aprendizaje<\/title>\n<meta name=\"description\" content=\"Nuestra manera de trabajar estudia a fondo cada caso para poder dar respuesta en sus necesidades. Ofrecemos la mejor soluci\u00f3n a cada persona.\" \/>\n<meta name=\"robots\" content=\"index, follow, max-snippet:-1, max-image-preview:large, max-video-preview:-1\" \/>\n<link rel=\"canonical\" href=\"https:\/\/elscamins.cat\/es\/servicios\/\" \/>\n<meta property=\"og:locale\" content=\"es_ES\" \/>\n<meta property=\"og:type\" content=\"article\" \/>\n<meta property=\"og:title\" content=\"- Els Camins - Logopedia, Psicolog\u00eda y estrategias de aprendizaje\" \/>\n<meta property=\"og:description\" content=\"Nuestra manera de trabajar estudia a fondo cada caso para poder dar respuesta en sus necesidades. Ofrecemos la mejor soluci\u00f3n a cada persona.\" \/>\n<meta property=\"og:url\" content=\"https:\/\/elscamins.cat\/es\/servicios\/\" \/>\n<meta property=\"og:site_name\" content=\"Els Camins\" \/>\n<meta property=\"article:publisher\" content=\"https:\/\/www.facebook.com\/caminslogopediaipsicologia\" \/>\n<meta property=\"article:modified_time\" content=\"2019-10-03T14:40:36+00:00\" \/>\n<meta property=\"og:image\" content=\"http:\/\/wp-content\/uploads\/LOGOPEDIA_COLOR.jpg\" \/>\n<meta name=\"twitter:card\" content=\"summary_large_image\" \/>\n<meta name=\"twitter:site\" content=\"@caminspoblenou\" \/>\n<meta name=\"twitter:label1\" content=\"Tiempo de lectura\" \/>\n\t<meta name=\"twitter:data1\" content=\"1 minuto\" \/>\n<script type=\"application\/ld+json\" class=\"yoast-schema-graph\">{\"@context\":\"https:\\\/\\\/schema.org\",\"@graph\":[{\"@type\":\"WebPage\",\"@id\":\"https:\\\/\\\/elscamins.cat\\\/es\\\/servicios\\\/\",\"url\":\"https:\\\/\\\/elscamins.cat\\\/es\\\/servicios\\\/\",\"name\":\"- Els Camins - Logopedia, Psicolog\u00eda y estrategias de aprendizaje\",\"isPartOf\":{\"@id\":\"https:\\\/\\\/elscamins.cat\\\/#website\"},\"datePublished\":\"2018-05-25T15:08:03+00:00\",\"dateModified\":\"2019-10-03T14:40:36+00:00\",\"description\":\"Nuestra manera de trabajar estudia a fondo cada caso para poder dar respuesta en sus necesidades. Ofrecemos la mejor soluci\u00f3n a cada persona.\",\"breadcrumb\":{\"@id\":\"https:\\\/\\\/elscamins.cat\\\/es\\\/servicios\\\/#breadcrumb\"},\"inLanguage\":\"es\",\"potentialAction\":[{\"@type\":\"ReadAction\",\"target\":[\"https:\\\/\\\/elscamins.cat\\\/es\\\/servicios\\\/\"]}]},{\"@type\":\"BreadcrumbList\",\"@id\":\"https:\\\/\\\/elscamins.cat\\\/es\\\/servicios\\\/#breadcrumb\",\"itemListElement\":[{\"@type\":\"ListItem\",\"position\":1,\"name\":\"Inici\",\"item\":\"https:\\\/\\\/elscamins.cat\\\/es\\\/\"},{\"@type\":\"ListItem\",\"position\":2,\"name\":\"Servicios\"}]},{\"@type\":\"WebSite\",\"@id\":\"https:\\\/\\\/elscamins.cat\\\/#website\",\"url\":\"https:\\\/\\\/elscamins.cat\\\/\",\"name\":\"Els Camins\",\"description\":\"Logop\u00e8dia, Psicologia i Dificultats d\u2019Aprenentatge\",\"publisher\":{\"@id\":\"https:\\\/\\\/elscamins.cat\\\/#organization\"},\"potentialAction\":[{\"@type\":\"SearchAction\",\"target\":{\"@type\":\"EntryPoint\",\"urlTemplate\":\"https:\\\/\\\/elscamins.cat\\\/?s={search_term_string}\"},\"query-input\":{\"@type\":\"PropertyValueSpecification\",\"valueRequired\":true,\"valueName\":\"search_term_string\"}}],\"inLanguage\":\"es\"},{\"@type\":\"Organization\",\"@id\":\"https:\\\/\\\/elscamins.cat\\\/#organization\",\"name\":\"Els Camins\",\"url\":\"https:\\\/\\\/elscamins.cat\\\/\",\"logo\":{\"@type\":\"ImageObject\",\"inLanguage\":\"es\",\"@id\":\"https:\\\/\\\/elscamins.cat\\\/#\\\/schema\\\/logo\\\/image\\\/\",\"url\":\"https:\\\/\\\/elscamins.cat\\\/wp-content\\\/uploads\\\/LOGO-HRZ-CAMINS_V2-02-6c4d3568.webp\",\"contentUrl\":\"https:\\\/\\\/elscamins.cat\\\/wp-content\\\/uploads\\\/LOGO-HRZ-CAMINS_V2-02-6c4d3568.webp\",\"width\":300,\"height\":109,\"caption\":\"Els Camins\"},\"image\":{\"@id\":\"https:\\\/\\\/elscamins.cat\\\/#\\\/schema\\\/logo\\\/image\\\/\"},\"sameAs\":[\"https:\\\/\\\/www.facebook.com\\\/caminslogopediaipsicologia\",\"https:\\\/\\\/x.com\\\/caminspoblenou\",\"https:\\\/\\\/www.instagram.com\\\/els_camins\\\/\"]}]}<\/script>\n<!-- \/ Yoast SEO plugin. -->","yoast_head_json":{"title":"- Els Camins - Logopedia, Psicolog\u00eda y estrategias de aprendizaje","description":"Nuestra manera de trabajar estudia a fondo cada caso para poder dar respuesta en sus necesidades. Ofrecemos la mejor soluci\u00f3n a cada persona.","robots":{"index":"index","follow":"follow","max-snippet":"max-snippet:-1","max-image-preview":"max-image-preview:large","max-video-preview":"max-video-preview:-1"},"canonical":"https:\/\/elscamins.cat\/es\/servicios\/","og_locale":"es_ES","og_type":"article","og_title":"- Els Camins - Logopedia, Psicolog\u00eda y estrategias de aprendizaje","og_description":"Nuestra manera de trabajar estudia a fondo cada caso para poder dar respuesta en sus necesidades. Ofrecemos la mejor soluci\u00f3n a cada persona.","og_url":"https:\/\/elscamins.cat\/es\/servicios\/","og_site_name":"Els Camins","article_publisher":"https:\/\/www.facebook.com\/caminslogopediaipsicologia","article_modified_time":"2019-10-03T14:40:36+00:00","og_image":[{"url":"wp-content\/uploads\/LOGOPEDIA_COLOR.jpg","type":"","width":"","height":""}],"twitter_card":"summary_large_image","twitter_site":"@caminspoblenou","twitter_misc":{"Tiempo de lectura":"1 minuto"},"schema":{"@context":"https:\/\/schema.org","@graph":[{"@type":"WebPage","@id":"https:\/\/elscamins.cat\/es\/servicios\/","url":"https:\/\/elscamins.cat\/es\/servicios\/","name":"- Els Camins - Logopedia, Psicolog\u00eda y estrategias de aprendizaje","isPartOf":{"@id":"https:\/\/elscamins.cat\/#website"},"datePublished":"2018-05-25T15:08:03+00:00","dateModified":"2019-10-03T14:40:36+00:00","description":"Nuestra manera de trabajar estudia a fondo cada caso para poder dar respuesta en sus necesidades. Ofrecemos la mejor soluci\u00f3n a cada persona.","breadcrumb":{"@id":"https:\/\/elscamins.cat\/es\/servicios\/#breadcrumb"},"inLanguage":"es","potentialAction":[{"@type":"ReadAction","target":["https:\/\/elscamins.cat\/es\/servicios\/"]}]},{"@type":"BreadcrumbList","@id":"https:\/\/elscamins.cat\/es\/servicios\/#breadcrumb","itemListElement":[{"@type":"ListItem","position":1,"name":"Inici","item":"https:\/\/elscamins.cat\/es\/"},{"@type":"ListItem","position":2,"name":"Servicios"}]},{"@type":"WebSite","@id":"https:\/\/elscamins.cat\/#website","url":"https:\/\/elscamins.cat\/","name":"Els Camins","description":"Logop\u00e8dia, Psicologia i Dificultats d\u2019Aprenentatge","publisher":{"@id":"https:\/\/elscamins.cat\/#organization"},"potentialAction":[{"@type":"SearchAction","target":{"@type":"EntryPoint","urlTemplate":"https:\/\/elscamins.cat\/?s={search_term_string}"},"query-input":{"@type":"PropertyValueSpecification","valueRequired":true,"valueName":"search_term_string"}}],"inLanguage":"es"},{"@type":"Organization","@id":"https:\/\/elscamins.cat\/#organization","name":"Els Camins","url":"https:\/\/elscamins.cat\/","logo":{"@type":"ImageObject","inLanguage":"es","@id":"https:\/\/elscamins.cat\/#\/schema\/logo\/image\/","url":"https:\/\/elscamins.cat\/wp-content\/uploads\/LOGO-HRZ-CAMINS_V2-02-6c4d3568.webp","contentUrl":"https:\/\/elscamins.cat\/wp-content\/uploads\/LOGO-HRZ-CAMINS_V2-02-6c4d3568.webp","width":300,"height":109,"caption":"Els Camins"},"image":{"@id":"https:\/\/elscamins.cat\/#\/schema\/logo\/image\/"},"sameAs":["https:\/\/www.facebook.com\/caminslogopediaipsicologia","https:\/\/x.com\/caminspoblenou","https:\/\/www.instagram.com\/els_camins\/"]}]}},"_links":{"self":[{"href":"https:\/\/elscamins.cat\/es\/wp-json\/wp\/v2\/pages\/1317","targetHints":{"allow":["GET"]}}],"collection":[{"href":"https:\/\/elscamins.cat\/es\/wp-json\/wp\/v2\/pages"}],"about":[{"href":"https:\/\/elscamins.cat\/es\/wp-json\/wp\/v2\/types\/page"}],"author":[{"embeddable":true,"href":"https:\/\/elscamins.cat\/es\/wp-json\/wp\/v2\/users\/1"}],"replies":[{"embeddable":true,"href":"https:\/\/elscamins.cat\/es\/wp-json\/wp\/v2\/comments?post=1317"}],"version-history":[{"count":0,"href":"https:\/\/elscamins.cat\/es\/wp-json\/wp\/v2\/pages\/1317\/revisions"}],"wp:attachment":[{"href":"https:\/\/elscamins.cat\/es\/wp-json\/wp\/v2\/media?parent=1317"}],"curies":[{"name":"wp","href":"https:\/\/api.w.org\/{rel}","templated":true}]}}