{"id":1986,"date":"2021-05-25T09:34:16","date_gmt":"2021-05-25T07:34:16","guid":{"rendered":"https:\/\/elscamins.cat\/politica-de-cookies\/"},"modified":"2021-05-25T12:06:52","modified_gmt":"2021-05-25T10:06:52","slug":"politica-de-cookies","status":"publish","type":"page","link":"https:\/\/elscamins.cat\/es\/politica-de-cookies\/","title":{"rendered":"Pol\u00edtica de cookies"},"content":{"rendered":"<div class=\"page\" title=\"Page 17\">\n<div class=\"section\">\n<div class=\"layoutArea\">\n<div class=\"column\">\n<div class=\"page\" title=\"Page 16\">\n<div class=\"section\">\n<div class=\"layoutArea\">\n<div class=\"column\">\n<div class=\"page\" title=\"Page 16\">\n<div class=\"section\">\n<div class=\"layoutArea\">\n<div class=\"column\">\n<h4><strong>CONFIGURACIO\u0301N DE COOKIES<\/strong><\/h4>\n<\/div>\n<\/div>\n<\/div>\n<\/div>\n<div class=\"page\" title=\"Page 16\">\n<div class=\"section\">\n<div class=\"layoutArea\">\n<div class=\"column\">\n<div class=\"page\" title=\"Page 16\">\n<div class=\"section\">\n<div class=\"layoutArea\">\n<div class=\"column\">\n<p>Al aceptar las cookies de nuestro \u00abaviso de cookies\u00bb que aparecen en la primera capa, estara\u0301 consintiendo el uso de las Cookies en las condiciones contenidas en la presente Poli\u0301tica de Cookies. CAMINS LOGOPE\u0300DIA I PSICOLOGI\u0301A, SLU proporciona acceso a esta Poli\u0301tica de Cookies en el momento del registro con el objetivo de que el usuario este\u0301 informado, y sin perjuicio de que e\u0301ste pueda ejercer su derecho a bloquear, eliminar y rechazar el uso de Cookies en todo momento.<\/p>\n<p>Dado que algunas de las Cookies no son necesarias para el uso de este Sitio Web, se pueden bloquear o deshabilitar activando la configuracio\u0301n del navegador, que permite rechazar la instalacio\u0301n de todas las cookies o de algunas de ellas. La pra\u0301ctica mayori\u0301a de los navegadores permiten advertir de la presencia de Cookies o rechazarlas automa\u0301ticamente. Si se rechazan, se podra\u0301 seguir usando el Sitio Web, aunque el uso de algunos de sus servicios podra\u0301 ser limitado y por tanto la experiencia sera\u0301 menos satisfactoria.<\/p>\n<p>A continuacio\u0301n, se indican los enlaces de los principales navegadores y dispositivos para que se pueda disponer de toda la informacio\u0301n para consultar co\u0301mo gestionar las cookies en cada navegador:<\/p>\n<\/div>\n<\/div>\n<\/div>\n<\/div>\n<\/div>\n<\/div>\n<\/div>\n<\/div>\n<ul>\n<li>Internet ExplorerTM:<a href=\"https:\/\/support.microsoft.com\/es-es\/windows\/eliminar-y-administrar-cookies-168dab11-0753-043d-7c16-ede5947fc64d\" target=\"_blank\" rel=\"noopener\"> https:\/\/support.microso.com\/es-es\/topic\/eliminar-y-administrar-cookies-168dab11-0753-043d-7c16-ede5947fc64d<\/a><\/li>\n<li>Microsoft EdgeTM: <a href=\"https:\/\/support.microsoft.com\/es-es\/windows\/microsoft-edge-datos-de-exploraci%C3%B3n-y-privacidad-bb8174ba-9d73-dcf2-9b4a-c582b4e640dd\" target=\"_blank\" rel=\"noopener\">https:\/\/support.microso.com\/es-es\/windows\/microso-edge-datos-de-exploraci%C3%B3n-y-privacidad-bb8174ba-9d73-dcf2-9b4a-c582b4e640dd<\/a><\/li>\n<li>SafariTM: <a style=\"font-size: inherit; font-family: -apple-system, BlinkMacSystemFont, 'Segoe UI', Roboto, Oxygen-Sans, Ubuntu, Cantarell, 'Helvetica Neue', sans-serif;\" href=\"https:\/\/support.apple.com\/es-es\/guide\/safari\/sfri11471\/mac\" target=\"_blank\" rel=\"noopener\">https:\/\/support.apple.com\/kb\/ph17191?locale=es_ES<\/a><\/li>\n<li>SafariTM para IOS (iPhone, iPad o iPod touch): <a href=\"https:\/\/support.apple.com\/es-es\/HT201265\" target=\"_blank\" rel=\"noopener\">https:\/\/support.apple.com\/es-es\/HT201265<\/a><\/li>\n<li>ChromeTM: <a href=\"https:\/\/support.google.com\/chrome\/answer\/95647?hl=es&amp;hlrm=en\" target=\"_blank\" rel=\"noopener\">https:\/\/support.google.com\/chrome\/answer\/95647?hl=es&amp;hlrm=en<\/a><\/li>\n<li>FirefoxTM: <a href=\"https:\/\/support.mozilla.org\/es\/kb\/cookies-informacion-que-los-sitios-web-guardan-en-?redirectlocale=en-US&amp;redirectslug=Cookies\" target=\"_blank\" rel=\"noopener\">https:\/\/support.mozilla.org\/es\/kb\/cookies-informacion-que-los-sios-web-guardan-en-?redirectlocale=en-US&amp;redirectslug=Cookies<\/a><\/li>\n<li>OperaTM: <a href=\"https:\/\/help.opera.com\/en\/latest\/web-preferences\/\" target=\"_blank\" rel=\"noopener\">https:\/\/www.opera.com\/help\/tutorials\/security\/privacy\/<\/a><\/li>\n<li>Android: <a href=\"https:\/\/support.google.com\/android\/?hl=es#topic=7313011\" target=\"_blank\" rel=\"noopener\">https:\/\/support.google.com\/android\/?hl=es<\/a><\/li>\n<li>Windows Phone: <a href=\"https:\/\/support.microsoft.com\/es-es\/windows\/windows-phone-7-3ebc303c-59c0-d367-3995-f258b184fabb\" target=\"_blank\" rel=\"noopener\">https:\/\/www.windowsphone.com\/es-ES\/how-to\/wp7\/web\/changing-privacy-and-other-browser-sengs<\/a><\/li>\n<\/ul>\n<\/div>\n<\/div>\n<\/div>\n<\/div>\n<div class=\"page\" title=\"Page 17\">\n<div class=\"section\">\n<div class=\"layoutArea\">\n<div class=\"column\">\n<div class=\"page\" title=\"Page 17\">\n<div class=\"section\">\n<div class=\"layoutArea\">\n<div class=\"column\">\n<div class=\"page\" title=\"Page 17\">\n<div class=\"section\">\n<div class=\"layoutArea\">\n<div class=\"column\">\n<p>Para informacio\u0301n adicional sobre co\u0301mo configurar las Cookies detallada por proveedor o administrar las preferencias, se puede visitar el portal \u00abYour Online Choices\u00bb.<\/p>\n<\/div>\n<\/div>\n<\/div>\n<\/div>\n<\/div>\n<\/div>\n<\/div>\n<\/div>\n<p><a href=\"https:\/\/www.youronlinechoices.com\/es\/preferencias\/\" target=\"_blank\" rel=\"noopener\">https:\/\/www.youronlinechoices.com\/es\/preferencias\/<\/a><\/p>\n<\/div>\n<\/div>\n<\/div>\n<\/div>\n<h4>DESCRIPCIO\u0301N Y FINALIDAD<\/h4>\n<div class=\"page\" title=\"Page 17\">\n<div class=\"section\">\n<div class=\"layoutArea\">\n<div class=\"column\">\n<p>Las Cookies son archivos de datos creados por el sitio web y almacenados previa aceptacio\u0301n del usuario en el navegador o en su dispositivo durante el recorrido por las pa\u0301ginas o por la aplicacio\u0301n, y sirven para almacenar informacio\u0301n sobre la visita. Como la mayori\u0301a de los sitios en Internet, los portales web deben:<\/p>\n<div class=\"page\" title=\"Page 17\">\n<div class=\"section\">\n<div class=\"layoutArea\">\n<div class=\"column\">\n<ul>\n<li>Asegurar que las pa\u0301ginas web pueden funcionar correctamente.<\/li>\n<li>Almacenar las preferencias, como el idioma seleccionado o el taman\u0303o de letra.<\/li>\n<li>Mejorar la experiencia de navegacio\u0301n del usuario.<\/li>\n<li>Recopilar informacio\u0301n estadi\u0301stica ano\u0301nima, como las pa\u0301ginas que se han visitado o el tiempo que ha durado la conexio\u0301n.<\/li>\n<\/ul>\n<\/div>\n<\/div>\n<\/div>\n<\/div>\n<div class=\"page\" title=\"Page 17\">\n<div class=\"section\">\n<div class=\"layoutArea\">\n<div class=\"column\">\n<p>El uso de Cookies nos permite optimizar la navegacio\u0301n, adaptando la informacio\u0301n y los servicios ofrecidos a los intereses del usuario, para proporcionar una mejor experiencia siempre que visite la pa\u0301gina.<\/p>\n<p>Las Cookies se asocian u\u0301nicamente a un usuario ano\u0301nimo y su ordenador\/dispositivo y no proporcionan referencias que permitan conocer datos personales. En todo momento, el usuario podra\u0301 acceder a la configuracio\u0301n de su navegador para modificar y\/o bloquear la instalacio\u0301n de las Cookies enviadas por los sitios web de www.elscamins.cat. Los usuarios que completen el proceso de registro o hayan iniciado sesio\u0301n con sus datos de acceso podra\u0301n acceder a servicios personalizados y adaptados a sus preferencias segu\u0301n la informacio\u0301n personal suministrada en el momento del registro y la almacenada en la Cookie de su navegador.<\/p>\n<p>Google Analytics almacena cookies para poder elaborar estadi\u0301sticas sobre el tra\u0301fico y volumen de visitas de esta web. Al utilizar este sitio web esta\u0301 consintiendo el tratamiento de informacio\u0301n acerca de usted por Google. Por tanto, el ejercicio de cualquier derecho en este sentido debera\u0301 hacerlo comunicando directamente con Google. Las cookies de Google Analytics, se almacenan en servidores ubicados en Estados Unidos y se compromete a no compartirla con terceros, excepto en los casos en los que sea necesario para el funcionamiento del sistema o cuando la ley obligue a tal efecto. Segu\u0301n Google, no guarda su direccio\u0301n IP.<\/p>\n<p>Google Inc. es una compan\u0303i\u0301a adherida a \u201cPrivacy Shield\u201d (escudo de privacidad) que garantiza que todos los datos transferidos sera\u0301n tratados con un nivel de proteccio\u0301n acorde a la normativa europea. Puede consultar informacio\u0301n detallada a esta normativa a trave\u0301s del siguiente enlace:<\/p>\n<\/div>\n<\/div>\n<\/div>\n<\/div>\n<\/div>\n<\/div>\n<\/div>\n<\/div>\n<p><a href=\"https:\/\/support.google.com\/analytics\/answer\/6004245\" target=\"_blank\" rel=\"noopener\">https:\/\/support.google.com\/analytics\/answer\/6004245<\/a><\/p>\n<div class=\"page\" title=\"Page 18\">\n<div class=\"section\">\n<div class=\"layoutArea\">\n<div class=\"column\">\n<p>Si lo desea puede utilizar el Complemento de inhabilitacio\u0301n para navegadores de Google Analytics a trave\u0301s de cuyas instrucciones pueden rechazarse las cookies anali\u0301ticas de dicho servicio en todos los navegadores. Puede consultar ma\u0301s informacio\u0301n al respecto en el siguiente enlace:<\/p>\n<\/div>\n<\/div>\n<\/div>\n<\/div>\n<p style=\"text-align: left;\"><a href=\"https:\/\/tools.google.com\/dlpage\/gaoptout\" target=\"_blank\" rel=\"noopener\">hps:\/\/tools.google.com\/dlpage\/gaoptout<\/a><\/p>\n<div class=\"page\" title=\"Page 18\">\n<div class=\"section\">\n<div class=\"layoutArea\">\n<div class=\"column\">\n<h4>UTILIDAD<\/h4>\n<div class=\"page\" title=\"Page 18\">\n<div class=\"section\">\n<div class=\"layoutArea\">\n<div class=\"column\">\n<ul>\n<li>Desde un punto de vista te\u0301cnico, permite que los sitios web funcionen de forma ma\u0301s a\u0301gil y adaptada a las preferencias de los usuarios, como por ejemplo almacenar el idioma, la moneda del pai\u0301s o detectar el dispositivo de acceso.<\/li>\n<li><span style=\"font-family: -apple-system, BlinkMacSystemFont, 'Segoe UI', Roboto, Oxygen-Sans, Ubuntu, Cantarell, 'Helvetica Neue', sans-serif;\">Establecen niveles de proteccio\u0301n y seguridad que impiden o dificultan ciberataques contra el sitio web o sus usuarios.<\/span><\/li>\n<li>Permiten que los gestores de los medios puedan conocer datos estadi\u0301sticos recopilados en las Cookies para mejorar la calidad y experiencia de sus servicios.<\/li>\n<li>Sirven para optimizar la publicidad que se muestra a los usuarios, ofreciendo la que ma\u0301s se ajusta a sus intereses.<\/li>\n<\/ul>\n<\/div>\n<\/div>\n<\/div>\n<\/div>\n<\/div>\n<h4>TIPOS DE COOKIES<\/h4>\n<\/div>\n<\/div>\n<\/div>\n<\/div>\n<\/div>\n<\/div>\n<\/div>\n\n\n<figure class=\"wp-block-table is-style-stripes\"><table class=\"has-fixed-layout\"><tbody><tr><td><strong><strong>SEG\u00daN LA ENTIDAD QUE LAS GESTIONE<\/strong><\/strong><\/td><td><strong>Cookies propias<\/strong><\/td><td>Son aquellas que se recaban por el propio editor para prestar el servicio solicitado por el usuario.<\/td><\/tr><tr><td><\/td><td><strong>Cookies de terceros<\/strong><\/td><td>Son aquellas que son recabadas y gestionadas por un tercero, estas no se pueden considerar propias.<\/td><\/tr><tr><td><strong><strong>SEG\u00daN EL PLAZO DE TIEMPO QUE PERMANEZCAN ACTIVADAS<\/strong><\/strong><\/td><td><strong>Cookies de sesi\u00f3n<\/strong><\/td><td>Recaban datos mientras el usuario navega por la red con la finalidad de prestar el servicio solicitado.<\/td><\/tr><tr><td><\/td><td><strong>Cookies persistentes<\/strong><\/td><td>Se almacenan en el terminal y la informaci\u00f3n obtenida, ser\u00e1 utilizada por el responsable de la cookie con la finalidad de prestar el servicio solicitado.<\/td><\/tr><tr><td><strong><strong>SEG\u00daN SU FINALIDAD<\/strong><\/strong><\/td><td><strong>Cookies t\u00e9cnicas<\/strong><\/td><td>Son las necesarias para la correcta navegaci\u00f3n por la web.<\/td><\/tr><tr><td><\/td><td><strong>Cookies de personalizaci\u00f3<\/strong>n<\/td><td>Permiten al usuario las caracter\u00edsticas (idioma) para la navegaci\u00f3n por la p\u00e1gina web.<\/td><\/tr><tr><td><\/td><td><strong>Cookies de an\u00e1lisis<\/strong><\/td><td>Permiten al prestador el an\u00e1lisis vinculado a la navegaci\u00f3n realizada por el usuario, con la finalidad de llevar un seguimiento de uso de la p\u00e1gina web, as\u00ed como realizar estad\u00edsticas de los contenidos m\u00e1s visitados, n\u00famero de visitantes, etc.<\/td><\/tr><tr><td><\/td><td><strong>Cookies publicitarias<\/strong><\/td><td>Permiten al editor incluir en la web, espacios publicitarios, seg\u00fan el contenido de la propia web.<\/td><\/tr><tr><td><\/td><td><strong>Cookies de publicidad comportamental<\/strong><\/td><td>Permiten al editor incluir en la p\u00e1gina web espacios publicitarios seg\u00fan la informaci\u00f3n obtenida a trav\u00e9s de los h\u00e1bitos de navegaci\u00f3n del usuario.<\/td><\/tr><\/tbody><\/table><\/figure>\n\n\n\n<p><\/p>\n","protected":false},"excerpt":{"rendered":"<p>CONFIGURACIO\u0301N DE COOKIES Al aceptar las cookies de nuestro \u00abaviso de cookies\u00bb que aparecen en la primera capa, estara\u0301 consintiendo el uso de las Cookies en las condiciones contenidas en la presente Poli\u0301tica de Cookies. CAMINS LOGOPE\u0300DIA I PSICOLOGI\u0301A, SLU proporciona acceso a esta Poli\u0301tica de Cookies en el momento del registro con el objetivo [&hellip;]<\/p>\n","protected":false},"author":1,"featured_media":0,"parent":0,"menu_order":0,"comment_status":"closed","ping_status":"closed","template":"","meta":{"footnotes":""},"class_list":["post-1986","page","type-page","status-publish","hentry"],"yoast_head":"<!-- This site is optimized with the Yoast SEO plugin v27.5 - https:\/\/yoast.com\/product\/yoast-seo-wordpress\/ -->\n<title>Pol\u00edtica de cookies - Els Camins<\/title>\n<meta name=\"robots\" content=\"index, follow, max-snippet:-1, max-image-preview:large, max-video-preview:-1\" \/>\n<link rel=\"canonical\" href=\"https:\/\/elscamins.cat\/es\/politica-de-cookies\/\" \/>\n<meta property=\"og:locale\" content=\"es_ES\" \/>\n<meta property=\"og:type\" content=\"article\" \/>\n<meta property=\"og:title\" content=\"Pol\u00edtica de cookies - Els Camins\" \/>\n<meta property=\"og:description\" content=\"CONFIGURACIO\u0301N DE COOKIES Al aceptar las cookies de nuestro \u00abaviso de cookies\u00bb que aparecen en la primera capa, estara\u0301 consintiendo el uso de las Cookies en las condiciones contenidas en la presente Poli\u0301tica de Cookies. CAMINS LOGOPE\u0300DIA I PSICOLOGI\u0301A, SLU proporciona acceso a esta Poli\u0301tica de Cookies en el momento del registro con el objetivo [&hellip;]\" \/>\n<meta property=\"og:url\" content=\"https:\/\/elscamins.cat\/es\/politica-de-cookies\/\" \/>\n<meta property=\"og:site_name\" content=\"Els Camins\" \/>\n<meta property=\"article:publisher\" content=\"https:\/\/www.facebook.com\/caminslogopediaipsicologia\" \/>\n<meta property=\"article:modified_time\" content=\"2021-05-25T10:06:52+00:00\" \/>\n<meta name=\"twitter:card\" content=\"summary_large_image\" \/>\n<meta name=\"twitter:site\" content=\"@caminspoblenou\" \/>\n<meta name=\"twitter:label1\" content=\"Tiempo de lectura\" \/>\n\t<meta name=\"twitter:data1\" content=\"5 minutos\" \/>\n<script type=\"application\/ld+json\" class=\"yoast-schema-graph\">{\"@context\":\"https:\\\/\\\/schema.org\",\"@graph\":[{\"@type\":\"WebPage\",\"@id\":\"https:\\\/\\\/elscamins.cat\\\/es\\\/politica-de-cookies\\\/\",\"url\":\"https:\\\/\\\/elscamins.cat\\\/es\\\/politica-de-cookies\\\/\",\"name\":\"Pol\u00edtica de cookies - Els Camins\",\"isPartOf\":{\"@id\":\"https:\\\/\\\/elscamins.cat\\\/#website\"},\"datePublished\":\"2021-05-25T07:34:16+00:00\",\"dateModified\":\"2021-05-25T10:06:52+00:00\",\"breadcrumb\":{\"@id\":\"https:\\\/\\\/elscamins.cat\\\/es\\\/politica-de-cookies\\\/#breadcrumb\"},\"inLanguage\":\"es\",\"potentialAction\":[{\"@type\":\"ReadAction\",\"target\":[\"https:\\\/\\\/elscamins.cat\\\/es\\\/politica-de-cookies\\\/\"]}]},{\"@type\":\"BreadcrumbList\",\"@id\":\"https:\\\/\\\/elscamins.cat\\\/es\\\/politica-de-cookies\\\/#breadcrumb\",\"itemListElement\":[{\"@type\":\"ListItem\",\"position\":1,\"name\":\"Inici\",\"item\":\"https:\\\/\\\/elscamins.cat\\\/es\\\/\"},{\"@type\":\"ListItem\",\"position\":2,\"name\":\"Pol\u00edtica de cookies\"}]},{\"@type\":\"WebSite\",\"@id\":\"https:\\\/\\\/elscamins.cat\\\/#website\",\"url\":\"https:\\\/\\\/elscamins.cat\\\/\",\"name\":\"Els Camins\",\"description\":\"Logop\u00e8dia, Psicologia i Dificultats d\u2019Aprenentatge\",\"publisher\":{\"@id\":\"https:\\\/\\\/elscamins.cat\\\/#organization\"},\"potentialAction\":[{\"@type\":\"SearchAction\",\"target\":{\"@type\":\"EntryPoint\",\"urlTemplate\":\"https:\\\/\\\/elscamins.cat\\\/?s={search_term_string}\"},\"query-input\":{\"@type\":\"PropertyValueSpecification\",\"valueRequired\":true,\"valueName\":\"search_term_string\"}}],\"inLanguage\":\"es\"},{\"@type\":\"Organization\",\"@id\":\"https:\\\/\\\/elscamins.cat\\\/#organization\",\"name\":\"Els Camins\",\"url\":\"https:\\\/\\\/elscamins.cat\\\/\",\"logo\":{\"@type\":\"ImageObject\",\"inLanguage\":\"es\",\"@id\":\"https:\\\/\\\/elscamins.cat\\\/#\\\/schema\\\/logo\\\/image\\\/\",\"url\":\"https:\\\/\\\/elscamins.cat\\\/wp-content\\\/uploads\\\/LOGO-HRZ-CAMINS_V2-02-6c4d3568.webp\",\"contentUrl\":\"https:\\\/\\\/elscamins.cat\\\/wp-content\\\/uploads\\\/LOGO-HRZ-CAMINS_V2-02-6c4d3568.webp\",\"width\":300,\"height\":109,\"caption\":\"Els Camins\"},\"image\":{\"@id\":\"https:\\\/\\\/elscamins.cat\\\/#\\\/schema\\\/logo\\\/image\\\/\"},\"sameAs\":[\"https:\\\/\\\/www.facebook.com\\\/caminslogopediaipsicologia\",\"https:\\\/\\\/x.com\\\/caminspoblenou\",\"https:\\\/\\\/www.instagram.com\\\/els_camins\\\/\"]}]}<\/script>\n<!-- \/ Yoast SEO plugin. -->","yoast_head_json":{"title":"Pol\u00edtica de cookies - Els Camins","robots":{"index":"index","follow":"follow","max-snippet":"max-snippet:-1","max-image-preview":"max-image-preview:large","max-video-preview":"max-video-preview:-1"},"canonical":"https:\/\/elscamins.cat\/es\/politica-de-cookies\/","og_locale":"es_ES","og_type":"article","og_title":"Pol\u00edtica de cookies - Els Camins","og_description":"CONFIGURACIO\u0301N DE COOKIES Al aceptar las cookies de nuestro \u00abaviso de cookies\u00bb que aparecen en la primera capa, estara\u0301 consintiendo el uso de las Cookies en las condiciones contenidas en la presente Poli\u0301tica de Cookies. CAMINS LOGOPE\u0300DIA I PSICOLOGI\u0301A, SLU proporciona acceso a esta Poli\u0301tica de Cookies en el momento del registro con el objetivo [&hellip;]","og_url":"https:\/\/elscamins.cat\/es\/politica-de-cookies\/","og_site_name":"Els Camins","article_publisher":"https:\/\/www.facebook.com\/caminslogopediaipsicologia","article_modified_time":"2021-05-25T10:06:52+00:00","twitter_card":"summary_large_image","twitter_site":"@caminspoblenou","twitter_misc":{"Tiempo de lectura":"5 minutos"},"schema":{"@context":"https:\/\/schema.org","@graph":[{"@type":"WebPage","@id":"https:\/\/elscamins.cat\/es\/politica-de-cookies\/","url":"https:\/\/elscamins.cat\/es\/politica-de-cookies\/","name":"Pol\u00edtica de cookies - Els Camins","isPartOf":{"@id":"https:\/\/elscamins.cat\/#website"},"datePublished":"2021-05-25T07:34:16+00:00","dateModified":"2021-05-25T10:06:52+00:00","breadcrumb":{"@id":"https:\/\/elscamins.cat\/es\/politica-de-cookies\/#breadcrumb"},"inLanguage":"es","potentialAction":[{"@type":"ReadAction","target":["https:\/\/elscamins.cat\/es\/politica-de-cookies\/"]}]},{"@type":"BreadcrumbList","@id":"https:\/\/elscamins.cat\/es\/politica-de-cookies\/#breadcrumb","itemListElement":[{"@type":"ListItem","position":1,"name":"Inici","item":"https:\/\/elscamins.cat\/es\/"},{"@type":"ListItem","position":2,"name":"Pol\u00edtica de cookies"}]},{"@type":"WebSite","@id":"https:\/\/elscamins.cat\/#website","url":"https:\/\/elscamins.cat\/","name":"Els Camins","description":"Logop\u00e8dia, Psicologia i Dificultats d\u2019Aprenentatge","publisher":{"@id":"https:\/\/elscamins.cat\/#organization"},"potentialAction":[{"@type":"SearchAction","target":{"@type":"EntryPoint","urlTemplate":"https:\/\/elscamins.cat\/?s={search_term_string}"},"query-input":{"@type":"PropertyValueSpecification","valueRequired":true,"valueName":"search_term_string"}}],"inLanguage":"es"},{"@type":"Organization","@id":"https:\/\/elscamins.cat\/#organization","name":"Els Camins","url":"https:\/\/elscamins.cat\/","logo":{"@type":"ImageObject","inLanguage":"es","@id":"https:\/\/elscamins.cat\/#\/schema\/logo\/image\/","url":"https:\/\/elscamins.cat\/wp-content\/uploads\/LOGO-HRZ-CAMINS_V2-02-6c4d3568.webp","contentUrl":"https:\/\/elscamins.cat\/wp-content\/uploads\/LOGO-HRZ-CAMINS_V2-02-6c4d3568.webp","width":300,"height":109,"caption":"Els Camins"},"image":{"@id":"https:\/\/elscamins.cat\/#\/schema\/logo\/image\/"},"sameAs":["https:\/\/www.facebook.com\/caminslogopediaipsicologia","https:\/\/x.com\/caminspoblenou","https:\/\/www.instagram.com\/els_camins\/"]}]}},"_links":{"self":[{"href":"https:\/\/elscamins.cat\/es\/wp-json\/wp\/v2\/pages\/1986","targetHints":{"allow":["GET"]}}],"collection":[{"href":"https:\/\/elscamins.cat\/es\/wp-json\/wp\/v2\/pages"}],"about":[{"href":"https:\/\/elscamins.cat\/es\/wp-json\/wp\/v2\/types\/page"}],"author":[{"embeddable":true,"href":"https:\/\/elscamins.cat\/es\/wp-json\/wp\/v2\/users\/1"}],"replies":[{"embeddable":true,"href":"https:\/\/elscamins.cat\/es\/wp-json\/wp\/v2\/comments?post=1986"}],"version-history":[{"count":0,"href":"https:\/\/elscamins.cat\/es\/wp-json\/wp\/v2\/pages\/1986\/revisions"}],"wp:attachment":[{"href":"https:\/\/elscamins.cat\/es\/wp-json\/wp\/v2\/media?parent=1986"}],"curies":[{"name":"wp","href":"https:\/\/api.w.org\/{rel}","templated":true}]}}