{"id":1987,"date":"2021-05-07T12:52:02","date_gmt":"2021-05-07T10:52:02","guid":{"rendered":"https:\/\/elscamins.cat\/politica-de-privacitat\/"},"modified":"2021-05-25T10:18:32","modified_gmt":"2021-05-25T08:18:32","slug":"politica-de-privacidad","status":"publish","type":"page","link":"https:\/\/elscamins.cat\/es\/politica-de-privacidad\/","title":{"rendered":"Pol\u00edtica de privacidad"},"content":{"rendered":"<p><strong><a id=\"privacitat\"><\/a>POL\u00cdTICA DE PRIVACITAT I PROTECCI\u00d3 DE DADES<\/strong><\/p>\n<div class=\"page\" title=\"Page 14\">\n<div class=\"section\">\n<div class=\"layoutArea\">\n<div class=\"column\">\n<div class=\"page\" title=\"Page 14\">\n<div class=\"section\">\n<div class=\"layoutArea\">\n<div class=\"column\">\n<p>CAMINS LOGOPE\u0300DIA I PSICOLOGI\u0301A, SLU garantiza la privacidad de los datos de cara\u0301cter personal aportados, segu\u0301n el Reglamento General de Proteccio\u0301n de Datos (RGPD).<\/p>\n<p>La visita a esta pa\u0301gina web no supone que el usuario este\u0301 obligado a facilitar ninguna informacio\u0301n sobre si\u0301 mismo, no obstante, durante la visita es posible que se soliciten datos de cara\u0301cter personal a trave\u0301s de formularios.<\/p>\n<p>Dichos datos sera\u0301n incorporados a un fichero responsabilidad de CAMINS LOGOPE\u0300DIA I PSICOLOGI\u0301A, SLU y sera\u0301n utilizados con la finalidad de contestar la solicitud realizada por su parte y para enviarles informacio\u0301n de nuestra empresa y servicios por cualquier medio de comunicacio\u0301n. Al enviarnos dicho formulario, usted esta\u0301 aceptando expli\u0301citamente la recepcio\u0301n de los mismos. Estos datos se cancelara\u0301n a peticio\u0301n suya o una vez satisfecho la finalidad para la que fueron recabados.<\/p>\n<p>Co\u0301mo ejercitar los derechos: Los usuarios pueden dirigir una comunicacio\u0301n por escrito a CAMINS LOGOPE\u0300DIA I PSICOLOGI\u0301A, SLU con domicilio en C\/ BILBAO 97, 08005 BARCELONA, BARCELONA, o a la direccio\u0301n de correo electro\u0301nico info@elscamins.cat incluyendo en ambos casos una fotocopia de su DNI u otro documento identificativo similar, para ejercitar sus derechos, que son los siguientes:<\/p>\n<ul class=\"ul1\">\n<li class=\"li1\"><span class=\"s2\">Derecho a solicitar el acceso a los datos personales: usted podr\u00e1 preguntar a CAMINS LOGOP\u00c8DIA I PSICOLOG\u00cdA, SLU si esta empresa est\u00e1 tratando sus datos. <br><\/span><\/li>\n<li class=\"li1\"><span class=\"s2\">Derecho a solicitar su rectificaci\u00f3n (en caso de que sean incorrectos) o supresi\u00f3n. <br><\/span><\/li>\n<li class=\"li1\"><span class=\"s2\">Derecho a solicitar la limitaci\u00f3n de su tratamiento, en cuyo caso \u00fanicamente ser\u00e1n conservados por <br>CAMINS LOGOP\u00c8DIA I PSICOLOG\u00cdA, SLU para el ejercicio o la defensa de reclamaciones. <br><\/span><\/li>\n<li class=\"li1\"><span class=\"s2\">Derecho a oponerse al tratamiento: CAMINS LOGOP\u00c8DIA I PSICOLOG\u00cdA, SLU dejar\u00e1 de tratar los datos en la forma que usted indique, salvo que por motivos leg\u00edtimos imperiosos o el ejercicio o <br>la defensa de posibles reclamaciones se tengan que seguir tratando. <br><\/span><\/li>\n<li class=\"li1\"><span class=\"s2\">Derecho a la portabilidad de los datos: en caso de que quiera que sus datos sean tratados por otra <br>firma, CAMINS LOGOP\u00c8DIA I PSICOLOG\u00cdA, SLU le facilitar\u00e1 la portabilidad de sus datos al nuevo responsable.<\/span><\/li>\n<\/ul>\n<\/div>\n<\/div>\n<\/div>\n<\/div>\n<\/div>\n<\/div>\n<\/div>\n<\/div>\n\n\n<p><strong>Posibilidad de retirar el consentimiento:<\/strong> en el caso de que se haya otorgado el consentimiento para alguna finalidad espec\u00edfica, usted tiene derecho a retirar el consentimiento en cualquier momento, sin que ello afecte a la licitud del tratamiento basado en el consentimiento previo a su retirada.<\/p>\n\n\n\n<p><strong>C\u00f3mo reclamar ante la Autoridad de Control:<\/strong> Si un usuario considera que hay un problema con la forma en que CAMINS LOGOP\u00c8DIA I PSICOLOG\u00cdA, SLU est\u00e1 manejando sus datos, puede dirigir sus reclamaciones a la autoridad de protecci\u00f3n de datos que corresponda, siendo la Agencia Espa\u00f1ola de Protecci\u00f3n de Datos la indicada en el caso de Espa\u00f1a.<\/p>\n\n\n\n<p>La negativa a proporcionar los datos supondr\u00e1 la no prestaci\u00f3n o la imposibilidad de acceder al servicio para los que eran solicitados. Usted tiene derecho a recibir respuesta a cualquier pregunta, consulta o aclaraci\u00f3n que le surja derivada de este formulario.<\/p>\n\n\n\n<p>Las partes se someten, a su elecci\u00f3n, para la resoluci\u00f3n de los conflictos y con renuncia a cualquier otro fuero, a los juzgados y tribunales del domicilio del propietario del sitio Web.<\/p>\n","protected":false},"excerpt":{"rendered":"<p>POL\u00cdTICA DE PRIVACITAT I PROTECCI\u00d3 DE DADES CAMINS LOGOPE\u0300DIA I PSICOLOGI\u0301A, SLU garantiza la privacidad de los datos de cara\u0301cter personal aportados, segu\u0301n el Reglamento General de Proteccio\u0301n de Datos (RGPD). La visita a esta pa\u0301gina web no supone que el usuario este\u0301 obligado a facilitar ninguna informacio\u0301n sobre si\u0301 mismo, no obstante, durante la [&hellip;]<\/p>\n","protected":false},"author":1,"featured_media":0,"parent":0,"menu_order":0,"comment_status":"closed","ping_status":"closed","template":"","meta":{"footnotes":""},"class_list":["post-1987","page","type-page","status-publish","hentry"],"yoast_head":"<!-- This site is optimized with the Yoast SEO plugin v27.4 - https:\/\/yoast.com\/product\/yoast-seo-wordpress\/ -->\n<title>Pol\u00edtica de privacidad - Els Camins<\/title>\n<meta name=\"robots\" content=\"index, follow, max-snippet:-1, max-image-preview:large, max-video-preview:-1\" \/>\n<link rel=\"canonical\" href=\"https:\/\/elscamins.cat\/es\/politica-de-privacidad\/\" \/>\n<meta property=\"og:locale\" content=\"es_ES\" \/>\n<meta property=\"og:type\" content=\"article\" \/>\n<meta property=\"og:title\" content=\"Pol\u00edtica de privacidad - Els Camins\" \/>\n<meta property=\"og:description\" content=\"POL\u00cdTICA DE PRIVACITAT I PROTECCI\u00d3 DE DADES CAMINS LOGOPE\u0300DIA I PSICOLOGI\u0301A, SLU garantiza la privacidad de los datos de cara\u0301cter personal aportados, segu\u0301n el Reglamento General de Proteccio\u0301n de Datos (RGPD). La visita a esta pa\u0301gina web no supone que el usuario este\u0301 obligado a facilitar ninguna informacio\u0301n sobre si\u0301 mismo, no obstante, durante la [&hellip;]\" \/>\n<meta property=\"og:url\" content=\"https:\/\/elscamins.cat\/es\/politica-de-privacidad\/\" \/>\n<meta property=\"og:site_name\" content=\"Els Camins\" \/>\n<meta property=\"article:publisher\" content=\"https:\/\/www.facebook.com\/caminslogopediaipsicologia\" \/>\n<meta property=\"article:modified_time\" content=\"2021-05-25T08:18:32+00:00\" \/>\n<meta name=\"twitter:card\" content=\"summary_large_image\" \/>\n<meta name=\"twitter:site\" content=\"@caminspoblenou\" \/>\n<meta name=\"twitter:label1\" content=\"Tiempo de lectura\" \/>\n\t<meta name=\"twitter:data1\" content=\"3 minutos\" \/>\n<script type=\"application\/ld+json\" class=\"yoast-schema-graph\">{\"@context\":\"https:\\\/\\\/schema.org\",\"@graph\":[{\"@type\":\"WebPage\",\"@id\":\"https:\\\/\\\/elscamins.cat\\\/es\\\/politica-de-privacidad\\\/\",\"url\":\"https:\\\/\\\/elscamins.cat\\\/es\\\/politica-de-privacidad\\\/\",\"name\":\"Pol\u00edtica de privacidad - Els Camins\",\"isPartOf\":{\"@id\":\"https:\\\/\\\/elscamins.cat\\\/#website\"},\"datePublished\":\"2021-05-07T10:52:02+00:00\",\"dateModified\":\"2021-05-25T08:18:32+00:00\",\"breadcrumb\":{\"@id\":\"https:\\\/\\\/elscamins.cat\\\/es\\\/politica-de-privacidad\\\/#breadcrumb\"},\"inLanguage\":\"es\",\"potentialAction\":[{\"@type\":\"ReadAction\",\"target\":[\"https:\\\/\\\/elscamins.cat\\\/es\\\/politica-de-privacidad\\\/\"]}]},{\"@type\":\"BreadcrumbList\",\"@id\":\"https:\\\/\\\/elscamins.cat\\\/es\\\/politica-de-privacidad\\\/#breadcrumb\",\"itemListElement\":[{\"@type\":\"ListItem\",\"position\":1,\"name\":\"Inici\",\"item\":\"https:\\\/\\\/elscamins.cat\\\/es\\\/\"},{\"@type\":\"ListItem\",\"position\":2,\"name\":\"Pol\u00edtica de privacidad\"}]},{\"@type\":\"WebSite\",\"@id\":\"https:\\\/\\\/elscamins.cat\\\/#website\",\"url\":\"https:\\\/\\\/elscamins.cat\\\/\",\"name\":\"Els Camins\",\"description\":\"Logop\u00e8dia, Psicologia i Dificultats d\u2019Aprenentatge\",\"publisher\":{\"@id\":\"https:\\\/\\\/elscamins.cat\\\/#organization\"},\"potentialAction\":[{\"@type\":\"SearchAction\",\"target\":{\"@type\":\"EntryPoint\",\"urlTemplate\":\"https:\\\/\\\/elscamins.cat\\\/?s={search_term_string}\"},\"query-input\":{\"@type\":\"PropertyValueSpecification\",\"valueRequired\":true,\"valueName\":\"search_term_string\"}}],\"inLanguage\":\"es\"},{\"@type\":\"Organization\",\"@id\":\"https:\\\/\\\/elscamins.cat\\\/#organization\",\"name\":\"Els Camins\",\"url\":\"https:\\\/\\\/elscamins.cat\\\/\",\"logo\":{\"@type\":\"ImageObject\",\"inLanguage\":\"es\",\"@id\":\"https:\\\/\\\/elscamins.cat\\\/#\\\/schema\\\/logo\\\/image\\\/\",\"url\":\"https:\\\/\\\/elscamins.cat\\\/wp-content\\\/uploads\\\/LOGO-HRZ-CAMINS_V2-02-6c4d3568.webp\",\"contentUrl\":\"https:\\\/\\\/elscamins.cat\\\/wp-content\\\/uploads\\\/LOGO-HRZ-CAMINS_V2-02-6c4d3568.webp\",\"width\":300,\"height\":109,\"caption\":\"Els Camins\"},\"image\":{\"@id\":\"https:\\\/\\\/elscamins.cat\\\/#\\\/schema\\\/logo\\\/image\\\/\"},\"sameAs\":[\"https:\\\/\\\/www.facebook.com\\\/caminslogopediaipsicologia\",\"https:\\\/\\\/x.com\\\/caminspoblenou\",\"https:\\\/\\\/www.instagram.com\\\/els_camins\\\/\"]}]}<\/script>\n<!-- \/ Yoast SEO plugin. -->","yoast_head_json":{"title":"Pol\u00edtica de privacidad - Els Camins","robots":{"index":"index","follow":"follow","max-snippet":"max-snippet:-1","max-image-preview":"max-image-preview:large","max-video-preview":"max-video-preview:-1"},"canonical":"https:\/\/elscamins.cat\/es\/politica-de-privacidad\/","og_locale":"es_ES","og_type":"article","og_title":"Pol\u00edtica de privacidad - Els Camins","og_description":"POL\u00cdTICA DE PRIVACITAT I PROTECCI\u00d3 DE DADES CAMINS LOGOPE\u0300DIA I PSICOLOGI\u0301A, SLU garantiza la privacidad de los datos de cara\u0301cter personal aportados, segu\u0301n el Reglamento General de Proteccio\u0301n de Datos (RGPD). La visita a esta pa\u0301gina web no supone que el usuario este\u0301 obligado a facilitar ninguna informacio\u0301n sobre si\u0301 mismo, no obstante, durante la [&hellip;]","og_url":"https:\/\/elscamins.cat\/es\/politica-de-privacidad\/","og_site_name":"Els Camins","article_publisher":"https:\/\/www.facebook.com\/caminslogopediaipsicologia","article_modified_time":"2021-05-25T08:18:32+00:00","twitter_card":"summary_large_image","twitter_site":"@caminspoblenou","twitter_misc":{"Tiempo de lectura":"3 minutos"},"schema":{"@context":"https:\/\/schema.org","@graph":[{"@type":"WebPage","@id":"https:\/\/elscamins.cat\/es\/politica-de-privacidad\/","url":"https:\/\/elscamins.cat\/es\/politica-de-privacidad\/","name":"Pol\u00edtica de privacidad - Els Camins","isPartOf":{"@id":"https:\/\/elscamins.cat\/#website"},"datePublished":"2021-05-07T10:52:02+00:00","dateModified":"2021-05-25T08:18:32+00:00","breadcrumb":{"@id":"https:\/\/elscamins.cat\/es\/politica-de-privacidad\/#breadcrumb"},"inLanguage":"es","potentialAction":[{"@type":"ReadAction","target":["https:\/\/elscamins.cat\/es\/politica-de-privacidad\/"]}]},{"@type":"BreadcrumbList","@id":"https:\/\/elscamins.cat\/es\/politica-de-privacidad\/#breadcrumb","itemListElement":[{"@type":"ListItem","position":1,"name":"Inici","item":"https:\/\/elscamins.cat\/es\/"},{"@type":"ListItem","position":2,"name":"Pol\u00edtica de privacidad"}]},{"@type":"WebSite","@id":"https:\/\/elscamins.cat\/#website","url":"https:\/\/elscamins.cat\/","name":"Els Camins","description":"Logop\u00e8dia, Psicologia i Dificultats d\u2019Aprenentatge","publisher":{"@id":"https:\/\/elscamins.cat\/#organization"},"potentialAction":[{"@type":"SearchAction","target":{"@type":"EntryPoint","urlTemplate":"https:\/\/elscamins.cat\/?s={search_term_string}"},"query-input":{"@type":"PropertyValueSpecification","valueRequired":true,"valueName":"search_term_string"}}],"inLanguage":"es"},{"@type":"Organization","@id":"https:\/\/elscamins.cat\/#organization","name":"Els Camins","url":"https:\/\/elscamins.cat\/","logo":{"@type":"ImageObject","inLanguage":"es","@id":"https:\/\/elscamins.cat\/#\/schema\/logo\/image\/","url":"https:\/\/elscamins.cat\/wp-content\/uploads\/LOGO-HRZ-CAMINS_V2-02-6c4d3568.webp","contentUrl":"https:\/\/elscamins.cat\/wp-content\/uploads\/LOGO-HRZ-CAMINS_V2-02-6c4d3568.webp","width":300,"height":109,"caption":"Els Camins"},"image":{"@id":"https:\/\/elscamins.cat\/#\/schema\/logo\/image\/"},"sameAs":["https:\/\/www.facebook.com\/caminslogopediaipsicologia","https:\/\/x.com\/caminspoblenou","https:\/\/www.instagram.com\/els_camins\/"]}]}},"_links":{"self":[{"href":"https:\/\/elscamins.cat\/es\/wp-json\/wp\/v2\/pages\/1987","targetHints":{"allow":["GET"]}}],"collection":[{"href":"https:\/\/elscamins.cat\/es\/wp-json\/wp\/v2\/pages"}],"about":[{"href":"https:\/\/elscamins.cat\/es\/wp-json\/wp\/v2\/types\/page"}],"author":[{"embeddable":true,"href":"https:\/\/elscamins.cat\/es\/wp-json\/wp\/v2\/users\/1"}],"replies":[{"embeddable":true,"href":"https:\/\/elscamins.cat\/es\/wp-json\/wp\/v2\/comments?post=1987"}],"version-history":[{"count":0,"href":"https:\/\/elscamins.cat\/es\/wp-json\/wp\/v2\/pages\/1987\/revisions"}],"wp:attachment":[{"href":"https:\/\/elscamins.cat\/es\/wp-json\/wp\/v2\/media?parent=1987"}],"curies":[{"name":"wp","href":"https:\/\/api.w.org\/{rel}","templated":true}]}}